{"id":234,"date":"2024-08-31T18:37:26","date_gmt":"2024-08-31T18:37:26","guid":{"rendered":"https:\/\/grupodojoelho.com.br\/joca2025\/?page_id=234"},"modified":"2025-04-04T00:31:02","modified_gmt":"2025-04-04T00:31:02","slug":"programacao-cientifica","status":"publish","type":"page","link":"https:\/\/grupodojoelho.com.br\/joca2025\/programacao-cientifica\/","title":{"rendered":"PROGRAMA\u00c7\u00c3O CIENT\u00cdFICA"},"content":{"rendered":"\t\t<div data-elementor-type=\"wp-page\" data-elementor-id=\"234\" class=\"elementor elementor-234\" data-elementor-post-type=\"page\">\n\t\t\t\t\t\t<section class=\"elementor-section elementor-top-section elementor-element elementor-element-8cea1f4 elementor-section-stretched elementor-section-boxed elementor-section-height-default elementor-section-height-default\" data-id=\"8cea1f4\" data-element_type=\"section\" data-e-type=\"section\" data-settings=\"{&quot;stretch_section&quot;:&quot;section-stretched&quot;}\">\n\t\t\t\t\t\t<div class=\"elementor-container elementor-column-gap-default\">\n\t\t\t\t\t<div class=\"elementor-column elementor-col-100 elementor-top-column elementor-element elementor-element-5b949cd\" data-id=\"5b949cd\" data-element_type=\"column\" data-e-type=\"column\">\n\t\t\t<div class=\"elementor-widget-wrap elementor-element-populated\">\n\t\t\t\t\t\t<div class=\"elementor-element elementor-element-32010d9 elementor-widget elementor-widget-heading\" data-id=\"32010d9\" data-element_type=\"widget\" data-e-type=\"widget\" data-widget_type=\"heading.default\">\n\t\t\t\t<div class=\"elementor-widget-container\">\n\t\t\t\t\t<h1 class=\"elementor-heading-title elementor-size-default\">Programa\u00e7\u00e3o Cient\u00edfica Joca 2025\n<\/h1>\t\t\t\t<\/div>\n\t\t\t\t<\/div>\n\t\t\t\t\t<\/div>\n\t\t<\/div>\n\t\t\t\t\t<\/div>\n\t\t<\/section>\n\t\t\t\t<section class=\"elementor-section elementor-top-section elementor-element elementor-element-411394a elementor-section-boxed elementor-section-height-default elementor-section-height-default\" data-id=\"411394a\" data-element_type=\"section\" data-e-type=\"section\" data-settings=\"{&quot;background_background&quot;:&quot;classic&quot;}\">\n\t\t\t\t\t\t<div class=\"elementor-container elementor-column-gap-default\">\n\t\t\t\t\t<div class=\"elementor-column elementor-col-50 elementor-top-column elementor-element elementor-element-eeea0b0\" data-id=\"eeea0b0\" data-element_type=\"column\" data-e-type=\"column\" data-settings=\"{&quot;background_background&quot;:&quot;classic&quot;}\">\n\t\t\t<div class=\"elementor-widget-wrap elementor-element-populated\">\n\t\t\t\t\t\t<div class=\"elementor-element elementor-element-f684911 elementor-widget elementor-widget-image\" data-id=\"f684911\" data-element_type=\"widget\" data-e-type=\"widget\" data-widget_type=\"image.default\">\n\t\t\t\t<div class=\"elementor-widget-container\">\n\t\t\t\t\t\t\t\t\t\t\t\t\t\t\t<img fetchpriority=\"high\" decoding=\"async\" width=\"1080\" height=\"1920\" src=\"https:\/\/grupodojoelho.com.br\/joca2025\/wp-content\/uploads\/2025\/03\/folder-celular-joca2025-final.jpg\" class=\"attachment-full size-full wp-image-2255\" alt=\"\" srcset=\"https:\/\/grupodojoelho.com.br\/joca2025\/wp-content\/uploads\/2025\/03\/folder-celular-joca2025-final.jpg 1080w, https:\/\/grupodojoelho.com.br\/joca2025\/wp-content\/uploads\/2025\/03\/folder-celular-joca2025-final-169x300.jpg 169w, https:\/\/grupodojoelho.com.br\/joca2025\/wp-content\/uploads\/2025\/03\/folder-celular-joca2025-final-576x1024.jpg 576w, https:\/\/grupodojoelho.com.br\/joca2025\/wp-content\/uploads\/2025\/03\/folder-celular-joca2025-final-768x1365.jpg 768w, https:\/\/grupodojoelho.com.br\/joca2025\/wp-content\/uploads\/2025\/03\/folder-celular-joca2025-final-864x1536.jpg 864w\" sizes=\"(max-width: 1080px) 100vw, 1080px\" \/>\t\t\t\t\t\t\t\t\t\t\t\t\t\t\t<\/div>\n\t\t\t\t<\/div>\n\t\t\t\t<div class=\"elementor-element elementor-element-a8e0c7c elementor-widget elementor-widget-image\" data-id=\"a8e0c7c\" data-element_type=\"widget\" data-e-type=\"widget\" data-widget_type=\"image.default\">\n\t\t\t\t<div class=\"elementor-widget-container\">\n\t\t\t\t\t\t\t\t\t\t\t\t\t\t\t<img decoding=\"async\" width=\"1080\" height=\"1920\" src=\"https:\/\/grupodojoelho.com.br\/joca2025\/wp-content\/uploads\/2025\/03\/folder-celular-joca20252-final.jpg\" class=\"attachment-full size-full wp-image-2256\" alt=\"\" srcset=\"https:\/\/grupodojoelho.com.br\/joca2025\/wp-content\/uploads\/2025\/03\/folder-celular-joca20252-final.jpg 1080w, https:\/\/grupodojoelho.com.br\/joca2025\/wp-content\/uploads\/2025\/03\/folder-celular-joca20252-final-169x300.jpg 169w, https:\/\/grupodojoelho.com.br\/joca2025\/wp-content\/uploads\/2025\/03\/folder-celular-joca20252-final-576x1024.jpg 576w, https:\/\/grupodojoelho.com.br\/joca2025\/wp-content\/uploads\/2025\/03\/folder-celular-joca20252-final-768x1365.jpg 768w, https:\/\/grupodojoelho.com.br\/joca2025\/wp-content\/uploads\/2025\/03\/folder-celular-joca20252-final-864x1536.jpg 864w\" sizes=\"(max-width: 1080px) 100vw, 1080px\" \/>\t\t\t\t\t\t\t\t\t\t\t\t\t\t\t<\/div>\n\t\t\t\t<\/div>\n\t\t\t\t<div class=\"elementor-element elementor-element-359a4f4 elementor-widget elementor-widget-image\" data-id=\"359a4f4\" data-element_type=\"widget\" data-e-type=\"widget\" data-widget_type=\"image.default\">\n\t\t\t\t<div class=\"elementor-widget-container\">\n\t\t\t\t\t\t\t\t\t\t\t\t\t\t\t<img decoding=\"async\" width=\"1080\" height=\"1920\" src=\"https:\/\/grupodojoelho.com.br\/joca2025\/wp-content\/uploads\/2025\/04\/folder-celular-joca20252.jpg\" class=\"attachment-full size-full wp-image-2282\" alt=\"programa\u00e7\u00e3o cient\u00edfica\" srcset=\"https:\/\/grupodojoelho.com.br\/joca2025\/wp-content\/uploads\/2025\/04\/folder-celular-joca20252.jpg 1080w, https:\/\/grupodojoelho.com.br\/joca2025\/wp-content\/uploads\/2025\/04\/folder-celular-joca20252-169x300.jpg 169w, https:\/\/grupodojoelho.com.br\/joca2025\/wp-content\/uploads\/2025\/04\/folder-celular-joca20252-576x1024.jpg 576w, https:\/\/grupodojoelho.com.br\/joca2025\/wp-content\/uploads\/2025\/04\/folder-celular-joca20252-768x1365.jpg 768w, https:\/\/grupodojoelho.com.br\/joca2025\/wp-content\/uploads\/2025\/04\/folder-celular-joca20252-864x1536.jpg 864w\" sizes=\"(max-width: 1080px) 100vw, 1080px\" \/>\t\t\t\t\t\t\t\t\t\t\t\t\t\t\t<\/div>\n\t\t\t\t<\/div>\n\t\t\t\t<div class=\"elementor-element elementor-element-63f99e8 elementor-widget elementor-widget-image\" data-id=\"63f99e8\" data-element_type=\"widget\" data-e-type=\"widget\" data-widget_type=\"image.default\">\n\t\t\t\t<div class=\"elementor-widget-container\">\n\t\t\t\t\t\t\t\t\t\t\t\t\t\t\t<img loading=\"lazy\" decoding=\"async\" width=\"1080\" height=\"1794\" src=\"https:\/\/grupodojoelho.com.br\/joca2025\/wp-content\/uploads\/2025\/03\/folder-celular-joca20254-final.jpg\" class=\"attachment-full size-full wp-image-2258\" alt=\"\" srcset=\"https:\/\/grupodojoelho.com.br\/joca2025\/wp-content\/uploads\/2025\/03\/folder-celular-joca20254-final.jpg 1080w, https:\/\/grupodojoelho.com.br\/joca2025\/wp-content\/uploads\/2025\/03\/folder-celular-joca20254-final-181x300.jpg 181w, https:\/\/grupodojoelho.com.br\/joca2025\/wp-content\/uploads\/2025\/03\/folder-celular-joca20254-final-616x1024.jpg 616w, https:\/\/grupodojoelho.com.br\/joca2025\/wp-content\/uploads\/2025\/03\/folder-celular-joca20254-final-768x1276.jpg 768w, https:\/\/grupodojoelho.com.br\/joca2025\/wp-content\/uploads\/2025\/03\/folder-celular-joca20254-final-925x1536.jpg 925w\" sizes=\"(max-width: 1080px) 100vw, 1080px\" \/>\t\t\t\t\t\t\t\t\t\t\t\t\t\t\t<\/div>\n\t\t\t\t<\/div>\n\t\t\t\t<div class=\"elementor-element elementor-element-73cdad3 elementor-widget elementor-widget-image\" data-id=\"73cdad3\" data-element_type=\"widget\" data-e-type=\"widget\" data-widget_type=\"image.default\">\n\t\t\t\t<div class=\"elementor-widget-container\">\n\t\t\t\t\t\t\t\t\t\t\t\t\t\t\t<img loading=\"lazy\" decoding=\"async\" width=\"1080\" height=\"1360\" src=\"https:\/\/grupodojoelho.com.br\/joca2025\/wp-content\/uploads\/2025\/03\/folder-celular-joca20255-final.jpg\" class=\"attachment-full size-full wp-image-2259\" alt=\"\" srcset=\"https:\/\/grupodojoelho.com.br\/joca2025\/wp-content\/uploads\/2025\/03\/folder-celular-joca20255-final.jpg 1080w, https:\/\/grupodojoelho.com.br\/joca2025\/wp-content\/uploads\/2025\/03\/folder-celular-joca20255-final-238x300.jpg 238w, https:\/\/grupodojoelho.com.br\/joca2025\/wp-content\/uploads\/2025\/03\/folder-celular-joca20255-final-813x1024.jpg 813w, https:\/\/grupodojoelho.com.br\/joca2025\/wp-content\/uploads\/2025\/03\/folder-celular-joca20255-final-768x967.jpg 768w\" sizes=\"(max-width: 1080px) 100vw, 1080px\" \/>\t\t\t\t\t\t\t\t\t\t\t\t\t\t\t<\/div>\n\t\t\t\t<\/div>\n\t\t\t\t\t<\/div>\n\t\t<\/div>\n\t\t\t\t<div class=\"elementor-column elementor-col-50 elementor-top-column elementor-element elementor-element-1cb479e\" data-id=\"1cb479e\" data-element_type=\"column\" data-e-type=\"column\" data-settings=\"{&quot;background_background&quot;:&quot;classic&quot;}\">\n\t\t\t<div class=\"elementor-widget-wrap elementor-element-populated\">\n\t\t\t\t\t\t<div class=\"elementor-element elementor-element-efa6154 elementor-widget elementor-widget-image\" data-id=\"efa6154\" data-element_type=\"widget\" data-e-type=\"widget\" data-widget_type=\"image.default\">\n\t\t\t\t<div class=\"elementor-widget-container\">\n\t\t\t\t\t\t\t\t\t\t\t\t\t\t\t<img loading=\"lazy\" decoding=\"async\" width=\"1080\" height=\"1896\" src=\"https:\/\/grupodojoelho.com.br\/joca2025\/wp-content\/uploads\/2025\/03\/folder-celular-joca20256-final.jpg\" class=\"attachment-full size-full wp-image-2260\" alt=\"\" srcset=\"https:\/\/grupodojoelho.com.br\/joca2025\/wp-content\/uploads\/2025\/03\/folder-celular-joca20256-final.jpg 1080w, https:\/\/grupodojoelho.com.br\/joca2025\/wp-content\/uploads\/2025\/03\/folder-celular-joca20256-final-171x300.jpg 171w, https:\/\/grupodojoelho.com.br\/joca2025\/wp-content\/uploads\/2025\/03\/folder-celular-joca20256-final-583x1024.jpg 583w, https:\/\/grupodojoelho.com.br\/joca2025\/wp-content\/uploads\/2025\/03\/folder-celular-joca20256-final-768x1348.jpg 768w, https:\/\/grupodojoelho.com.br\/joca2025\/wp-content\/uploads\/2025\/03\/folder-celular-joca20256-final-875x1536.jpg 875w\" sizes=\"(max-width: 1080px) 100vw, 1080px\" \/>\t\t\t\t\t\t\t\t\t\t\t\t\t\t\t<\/div>\n\t\t\t\t<\/div>\n\t\t\t\t<div class=\"elementor-element elementor-element-f0f4036 elementor-widget elementor-widget-image\" data-id=\"f0f4036\" data-element_type=\"widget\" data-e-type=\"widget\" data-widget_type=\"image.default\">\n\t\t\t\t<div class=\"elementor-widget-container\">\n\t\t\t\t\t\t\t\t\t\t\t\t\t\t\t<img loading=\"lazy\" decoding=\"async\" width=\"1080\" height=\"1842\" src=\"https:\/\/grupodojoelho.com.br\/joca2025\/wp-content\/uploads\/2025\/03\/folder-celular-joca20257-final.jpg\" class=\"attachment-full size-full wp-image-2261\" alt=\"\" srcset=\"https:\/\/grupodojoelho.com.br\/joca2025\/wp-content\/uploads\/2025\/03\/folder-celular-joca20257-final.jpg 1080w, https:\/\/grupodojoelho.com.br\/joca2025\/wp-content\/uploads\/2025\/03\/folder-celular-joca20257-final-176x300.jpg 176w, https:\/\/grupodojoelho.com.br\/joca2025\/wp-content\/uploads\/2025\/03\/folder-celular-joca20257-final-600x1024.jpg 600w, https:\/\/grupodojoelho.com.br\/joca2025\/wp-content\/uploads\/2025\/03\/folder-celular-joca20257-final-768x1310.jpg 768w, https:\/\/grupodojoelho.com.br\/joca2025\/wp-content\/uploads\/2025\/03\/folder-celular-joca20257-final-901x1536.jpg 901w\" sizes=\"(max-width: 1080px) 100vw, 1080px\" \/>\t\t\t\t\t\t\t\t\t\t\t\t\t\t\t<\/div>\n\t\t\t\t<\/div>\n\t\t\t\t<div class=\"elementor-element elementor-element-cab0035 elementor-widget elementor-widget-image\" data-id=\"cab0035\" data-element_type=\"widget\" data-e-type=\"widget\" data-widget_type=\"image.default\">\n\t\t\t\t<div class=\"elementor-widget-container\">\n\t\t\t\t\t\t\t\t\t\t\t\t\t\t\t<img loading=\"lazy\" decoding=\"async\" width=\"1080\" height=\"860\" src=\"https:\/\/grupodojoelho.com.br\/joca2025\/wp-content\/uploads\/2025\/03\/folder-celular-joca20258-final.jpg\" class=\"attachment-full size-full wp-image-2262\" alt=\"\" srcset=\"https:\/\/grupodojoelho.com.br\/joca2025\/wp-content\/uploads\/2025\/03\/folder-celular-joca20258-final.jpg 1080w, https:\/\/grupodojoelho.com.br\/joca2025\/wp-content\/uploads\/2025\/03\/folder-celular-joca20258-final-300x239.jpg 300w, https:\/\/grupodojoelho.com.br\/joca2025\/wp-content\/uploads\/2025\/03\/folder-celular-joca20258-final-1024x815.jpg 1024w, https:\/\/grupodojoelho.com.br\/joca2025\/wp-content\/uploads\/2025\/03\/folder-celular-joca20258-final-768x612.jpg 768w\" sizes=\"(max-width: 1080px) 100vw, 1080px\" \/>\t\t\t\t\t\t\t\t\t\t\t\t\t\t\t<\/div>\n\t\t\t\t<\/div>\n\t\t\t\t\t<\/div>\n\t\t<\/div>\n\t\t\t\t\t<\/div>\n\t\t<\/section>\n\t\t\t\t<\/div>\n\t\t","protected":false},"excerpt":{"rendered":"<p>Programa\u00e7\u00e3o Cient\u00edfica Joca 2025<\/p>\n","protected":false},"author":1,"featured_media":0,"parent":0,"menu_order":0,"comment_status":"closed","ping_status":"closed","template":"elementor_header_footer","meta":{"nf_dc_page":"","site-sidebar-layout":"no-sidebar","site-content-layout":"","ast-site-content-layout":"full-width-container","site-content-style":"default","site-sidebar-style":"default","ast-global-header-display":"","ast-banner-title-visibility":"","ast-main-header-display":"","ast-hfb-above-header-display":"","ast-hfb-below-header-display":"","ast-hfb-mobile-header-display":"","site-post-title":"disabled","ast-breadcrumbs-content":"","ast-featured-img":"disabled","footer-sml-layout":"","ast-disable-related-posts":"","theme-transparent-header-meta":"default","adv-header-id-meta":"","stick-header-meta":"","header-above-stick-meta":"","header-main-stick-meta":"","header-below-stick-meta":"","astra-migrate-meta-layouts":"set","ast-page-background-enabled":"default","ast-page-background-meta":{"desktop":{"background-color":"var(--ast-global-color-4)","background-image":"","background-repeat":"repeat","background-position":"center center","background-size":"auto","background-attachment":"scroll","background-type":"","background-media":"","overlay-type":"","overlay-color":"","overlay-opacity":"","overlay-gradient":""},"tablet":{"background-color":"","background-image":"","background-repeat":"repeat","background-position":"center center","background-size":"auto","background-attachment":"scroll","background-type":"","background-media":"","overlay-type":"","overlay-color":"","overlay-opacity":"","overlay-gradient":""},"mobile":{"background-color":"","background-image":"","background-repeat":"repeat","background-position":"center center","background-size":"auto","background-attachment":"scroll","background-type":"","background-media":"","overlay-type":"","overlay-color":"","overlay-opacity":"","overlay-gradient":""}},"ast-content-background-meta":{"desktop":{"background-color":"var(--ast-global-color-5)","background-image":"","background-repeat":"repeat","background-position":"center center","background-size":"auto","background-attachment":"scroll","background-type":"","background-media":"","overlay-type":"","overlay-color":"","overlay-opacity":"","overlay-gradient":""},"tablet":{"background-color":"var(--ast-global-color-5)","background-image":"","background-repeat":"repeat","background-position":"center center","background-size":"auto","background-attachment":"scroll","background-type":"","background-media":"","overlay-type":"","overlay-color":"","overlay-opacity":"","overlay-gradient":""},"mobile":{"background-color":"var(--ast-global-color-5)","background-image":"","background-repeat":"repeat","background-position":"center center","background-size":"auto","background-attachment":"scroll","background-type":"","background-media":"","overlay-type":"","overlay-color":"","overlay-opacity":"","overlay-gradient":""}},"footnotes":""},"class_list":["post-234","page","type-page","status-publish","hentry"],"_links":{"self":[{"href":"https:\/\/grupodojoelho.com.br\/joca2025\/wp-json\/wp\/v2\/pages\/234","targetHints":{"allow":["GET"]}}],"collection":[{"href":"https:\/\/grupodojoelho.com.br\/joca2025\/wp-json\/wp\/v2\/pages"}],"about":[{"href":"https:\/\/grupodojoelho.com.br\/joca2025\/wp-json\/wp\/v2\/types\/page"}],"author":[{"embeddable":true,"href":"https:\/\/grupodojoelho.com.br\/joca2025\/wp-json\/wp\/v2\/users\/1"}],"replies":[{"embeddable":true,"href":"https:\/\/grupodojoelho.com.br\/joca2025\/wp-json\/wp\/v2\/comments?post=234"}],"version-history":[{"count":5,"href":"https:\/\/grupodojoelho.com.br\/joca2025\/wp-json\/wp\/v2\/pages\/234\/revisions"}],"predecessor-version":[{"id":2285,"href":"https:\/\/grupodojoelho.com.br\/joca2025\/wp-json\/wp\/v2\/pages\/234\/revisions\/2285"}],"wp:attachment":[{"href":"https:\/\/grupodojoelho.com.br\/joca2025\/wp-json\/wp\/v2\/media?parent=234"}],"curies":[{"name":"wp","href":"https:\/\/api.w.org\/{rel}","templated":true}]}}