{"id":41,"date":"2022-07-31T18:15:11","date_gmt":"2022-07-31T18:15:11","guid":{"rendered":"https:\/\/grupodojoelho.com.br\/joca2023\/?page_id=41"},"modified":"2023-04-10T15:07:22","modified_gmt":"2023-04-10T15:07:22","slug":"programacao-cientifica","status":"publish","type":"page","link":"https:\/\/grupodojoelho.com.br\/joca2023\/programacao-cientifica\/","title":{"rendered":"PROGRAMA\u00c7\u00c3O CIENT\u00cdFICA"},"content":{"rendered":"\t\t<div data-elementor-type=\"wp-page\" data-elementor-id=\"41\" class=\"elementor elementor-41\">\n\t\t\t\t\t\t<section class=\"elementor-section elementor-top-section elementor-element elementor-element-8560d7b elementor-section-stretched elementor-section-boxed elementor-section-height-default elementor-section-height-default\" data-id=\"8560d7b\" data-element_type=\"section\" data-e-type=\"section\" data-settings=\"{&quot;stretch_section&quot;:&quot;section-stretched&quot;}\">\n\t\t\t\t\t\t<div class=\"elementor-container elementor-column-gap-default\">\n\t\t\t\t\t<div class=\"elementor-column elementor-col-50 elementor-top-column elementor-element elementor-element-be0dab2\" data-id=\"be0dab2\" data-element_type=\"column\" data-e-type=\"column\">\n\t\t\t<div class=\"elementor-widget-wrap elementor-element-populated\">\n\t\t\t\t\t\t<div class=\"elementor-element elementor-element-d06be9d elementor-widget elementor-widget-heading\" data-id=\"d06be9d\" data-element_type=\"widget\" data-e-type=\"widget\" data-widget_type=\"heading.default\">\n\t\t\t\t<div class=\"elementor-widget-container\">\n\t\t\t\t\t<h1 class=\"elementor-heading-title elementor-size-default\">Programa Cient\u00edfico Joca 2023<\/h1>\t\t\t\t<\/div>\n\t\t\t\t<\/div>\n\t\t\t\t<div class=\"elementor-element elementor-element-6e04820 elementor-widget elementor-widget-heading\" data-id=\"6e04820\" data-element_type=\"widget\" data-e-type=\"widget\" data-widget_type=\"heading.default\">\n\t\t\t\t<div class=\"elementor-widget-container\">\n\t\t\t\t\t<h2 class=\"elementor-heading-title elementor-size-default\">CIRURGIA DO JOELHO EM DISCUSS\u00c3O<\/h2>\t\t\t\t<\/div>\n\t\t\t\t<\/div>\n\t\t\t\t<div class=\"elementor-element elementor-element-cdf457b elementor-widget elementor-widget-text-editor\" data-id=\"cdf457b\" data-element_type=\"widget\" data-e-type=\"widget\" data-widget_type=\"text-editor.default\">\n\t\t\t\t<div class=\"elementor-widget-container\">\n\t\t\t\t\t\t\t\t\t<h4><span style=\"color: #ff0000;\"><b>14\/04\/23 (sexta-feira)<\/b><\/span><\/h4><h3><span style=\"color: #ff6600;\">08h00 \u00e0s 08h15 &#8211; Abertura &#8211; Wilson Mello (SP)<\/span><\/h3><h4><span style=\"color: #333399;\"><b>08h15 \u00e0s 12h00 &#8211; JOELHO NO ESPORTE 1<\/b><\/span><\/h4>\t\t\t\t\t\t\t\t<\/div>\n\t\t\t\t<\/div>\n\t\t\t\t<div class=\"elementor-element elementor-element-7387a89 elementor-widget elementor-widget-text-editor\" data-id=\"7387a89\" data-element_type=\"widget\" data-e-type=\"widget\" data-widget_type=\"text-editor.default\">\n\t\t\t\t<div class=\"elementor-widget-container\">\n\t\t\t\t\t\t\t\t\t<p><span style=\"line-height: 1.2;\"><b>08h15 \u00e0s 09h25 &#8211; Simp\u00f3sio 1: Reconstru\u00e7\u00e3o do LCA, temas tradicionais em discuss\u00e3o<\/b><br \/>Coordenador: Arnaldo Hernandez (SP)<\/span><\/p><p><b>08h15 &#8211; <\/b>Porque uso mais o tend\u00e3o patelar. Rog\u00e9rio Fuchs (PR)<\/p><p><b>08h23 &#8211; <\/b>Porque uso mais os tend\u00f5es flexores. Luiz Felipe Morlin Ambra (SP)<\/p><p><b>08h31 &#8211; <\/b>Tend\u00e3o quadricipital \u00e9 o melhor caminho? Oz\u00f3rio de Almeida Lira Neto (SP)<\/p><p><b>08h39 &#8211; <\/b>Quando fazer refor\u00e7o lateral, e como? Fabiano Kupczik (PR)<\/p><p><b>08h47 &#8211; <\/b>Como tratar les\u00e3o de LCA em pacientes com fise aberta? Rodrigo Maestu (Argentina)<\/p><h5><b><span style=\"color: #666699;\">08h55 &#8211; Discuss\u00e3o com a plateia<\/span>\u00a0<\/b><\/h5><p><b>09h10 &#8211; Confer\u00eancia: Afinal existe o melhor enxerto para LCA?<\/b> Moises Cohen (SP)<\/p><p><span style=\"line-height: 1.2;\"><b>09h25 \u00e0s 10h05 &#8211; Mini Simp\u00f3sio: Instabilidades associadas do joelho<\/b><br \/>Coordenador: Gustavo Constantino (SP)<\/span><\/p><p><b>09h25 &#8211; <\/b>Les\u00e3o do LCM quando reconstruir ou reparar? Como fa\u00e7o? S\u00e9rgio Canuto (AL)<\/p><p><b>09h33 &#8211; <\/b>Les\u00e3o do LAL &#8211; Tenodese ou reconstru\u00e7\u00e3o, como fa\u00e7o? Camilo Helito (SP)<\/p><p><b>09h41 &#8211; <\/b>O que fazer com o CPL? Dicas e truques. F\u00e1bio Angelini (SP)<\/p><h5><b><span style=\"color: #666699;\">09h49 &#8211; Discuss\u00e3o com a plateia<\/span>\u00a0<\/b><\/h5><h5><span style=\"color: #333399;\"><b>10h05 \u00e0s 10h30 &#8211; Intervalo<\/b><\/span><\/h5><p><span style=\"line-height: 1.2;\"><b>10h30 \u00e0s 11h00 &#8211; Estudo Dirigido: Falha da reconstru\u00e7\u00e3o do LCA<\/b><br \/>Coordenador: Jos\u00e9 Francisco Nunes (SP)<br \/>Participantes:<br \/>Ricardo Cury (SP) &#8211; Paulo Araujo (DF)<\/span><\/p><p><b>11h00 \u00e0s 11h15 &#8211; Confer\u00eancia: LCA e desvios de eixo, como conduzir?<\/b> Guilherme Zuppi (SP)<\/p><h5><span style=\"color: #333399;\"><b>11h15 \u00e0s 12h05 &#8211; Espa\u00e7o SLARD<\/b><\/span><\/h5><p><b>11h15 &#8211; Apresenta\u00e7\u00e3o Institucional SLARD<\/b><\/p><p><b>11h25 &#8211; <\/b>Revis\u00e3o de LCA. Rodrigo Maestu (Argentina)<\/p><p><b>11h35 &#8211; <\/b>Retorno ao esporte p\u00f3s les\u00e3o do LCA &#8211; Crit\u00e9rios X Tempo. L\u00facio S\u00e9rgio Ernlund (PR)<\/p><p><b>11h45 &#8211; <\/b>Gest\u00e3o atual nos defeitos metafis\u00e1rios nas revis\u00f5es de ATJ. C\u00e9sar Rocha (Col\u00f4mbia)<\/p><p><b>11h55 &#8211; <\/b>Les\u00f5es multiligamentares do joelho. Rodrigo Maestu (Argentina)<\/p><p><b>12h05 \u2013 <\/b>Infec\u00e7\u00e3o na reconstru\u00e7\u00e3o do LCA. Como conduzir? Rafael Calvo (Chile)<\/p><p><strong>12h15 \u2013 Aula: Analgesia multimodal na dor aguda p\u00f3s-operat\u00f3ria<\/strong>. Dr. Alfredo dos Santos Netto (SP)<\/p><h4><span style=\"color: #ff6600;\"><b>12h30 \u00e0s 14h00 &#8211; Intervalo para almo\u00e7o<\/b><\/span><\/h4><p><span style=\"line-height: 1.2;\"><strong>12h35 \u00e0s 13h35 EMS: Estrat\u00e9gias para otimizar o tratamento da artrose: do conservador ao cir\u00fargico.<\/strong> Wilson Mello (SP) e Gustavo Constantino (SP)<\/span><\/p>\t\t\t\t\t\t\t\t<\/div>\n\t\t\t\t<\/div>\n\t\t\t\t<div class=\"elementor-element elementor-element-91d66fe elementor-widget elementor-widget-text-editor\" data-id=\"91d66fe\" data-element_type=\"widget\" data-e-type=\"widget\" data-widget_type=\"text-editor.default\">\n\t\t\t\t<div class=\"elementor-widget-container\">\n\t\t\t\t\t\t\t\t\t<h4><span style=\"color: #333399;\"><b>14h00 \u00e0s 18h25 &#8211; JOELHO NO ESPORTE 2<\/b><\/span><\/h4><p><span style=\"line-height: 1.2;\"><b>14h00 \u00e0s 14h50 &#8211; Simp\u00f3sio 1: Atualidades em les\u00f5es meniscais em atletas<\/b><br \/>Coordenador: Vitor Barion P\u00e1dua (SP)<\/span><\/p><p><b>14h00 &#8211; <\/b>Meniscectomia parcial, ainda tem espa\u00e7o? Tulio Cardoso (SP)<\/p><p><b>14h08 &#8211; <\/b>Les\u00e3o radial completa, o que fazer? Pedro Debieux (SP)<\/p><p><b>14h16 &#8211; <\/b>Como abordar as les\u00f5es de raiz meniscal? Carlos Eduardo Franciozi (SP)<\/p><p><b>14h24 &#8211; <\/b>Les\u00e3o em rampa passo a passo. Vitor Barion P\u00e1dua (SP)<\/p><h5><b><span style=\"color: #666699;\">14h32 &#8211; Discuss\u00e3o com a plateia<\/span>\u00a0<\/b><\/h5><p><span style=\"line-height: 1.2;\"><b>14h50 \u00e0s 15h20 &#8211; Mesa Redonda Moderna: Les\u00f5es meniscais no paciente n\u00e3o atleta<\/b><br \/>Coordenador: Marcelo Seiji Kubota (SP)<br \/>Debatedores:<br \/>Gustavo Constantino (SP) &#8211; Marcio Regis (SP) &#8211; Tulio Cardoso (SP) &#8211; Alexandre Pacheco (SP)<\/span><\/p><p><span style=\"line-height: 1.2;\"><b>15h20 \u00e0s 16h00 &#8211; Mini Simp\u00f3sio: Les\u00f5es condrais em atletas<\/b><br \/>Coordenador: Guilherme Gracitelli (SP)<\/span><\/p><p><b>15h20 &#8211; <\/b>Posi\u00e7\u00e3o atual das micro e nano fraturas. Victor Marques de Oliveira (SP)<\/p><p><b>15h28 &#8211; <\/b>Mosaicoplastia \u00e9 nossa realidade, como fazer? Lu\u00eds Eduardo T\u00edrico (SP)<\/p><p><b>15h36 &#8211; <\/b>Truques e dicas no uso das membranas. Guilherme Gracitelli (SP)<\/p><h4><span style=\"color: #666699;\"><b>15h54 &#8211; Discuss\u00e3o com a plateia<\/b><\/span><\/h4><h4><span style=\"color: #333399;\"><b>16h00 \u00e0s 16h30 &#8211; Intervalo<\/b><\/span><\/h4><p><span style=\"line-height: 1.2;\"><b>16h30 \u00e0s 17h20 &#8211; Simp\u00f3sio 2: Ligamento cruzado posterior<\/b><br \/>Coordenador: Wander Brito (SP)<\/span><\/p><p><b>16h30 &#8211; <\/b>Existe espa\u00e7o para o tratamento conservador do LCP? Wander Brito (SP)<\/p><p><b>16h38 &#8211; <\/b>LCP e CPL como devo conduzir? Marcos Barbieri Mestriner (SP)<\/p><p><b>16h46 &#8211; <\/b>LCP e CPM como conduzir? Rodrigo Salim (SP)<\/p><p><b>16h54 &#8211; <\/b>Dicas e truques na condu\u00e7\u00e3o das les\u00f5es multiligamentares. Guilherme Abreu (MG)<\/p><h4><b><span style=\"color: #666699;\">17h02 &#8211; Discuss\u00e3o com a plateia<\/span>\u00a0<\/b><\/h4><p><span style=\"line-height: 1.2;\"><b>17h10 \u00e0s 17h55 &#8211; Simp\u00f3sio 3: Instabilidade patelar<\/b><br \/>Coordenador: Wilson Mello (SP)<\/span><\/p><p><b>17h10 &#8211; <\/b>Tratamento conservador, o que precisamos saber? Wilson Mello (SP)<\/p><p><b>17h18 &#8211; <\/b>Reconstru\u00e7\u00e3o do LPFM, como e quando? Wagner Lemos (MG)<\/p><p><b>17h26 &#8211; <\/b>Osteotomia da TAT &#8211; Seu lugar no tratamento das instabilidades patelares. Carlos Eduardo Franciozi (SP)<\/p><p><b>17h34 &#8211; <\/b>Trocleopastias, indica\u00e7\u00f5es e t\u00e9cnicas atuais. Andr\u00e9 Kuhn (RS)<\/p><h4><b><span style=\"color: #666699;\">17h42 &#8211; Discuss\u00e3o com a plateia<\/span>\u00a0<\/b><\/h4><p><b>17h55 \u00e0s 18h25 &#8211; V\u00eddeos comentados<\/b><\/p><p>Tratamento de les\u00e3o condral com membrana. Marco Demange (SP)<\/p><p>Reconstru\u00e7\u00e3o do LCM. S\u00e9rgio Canuto (AL)<\/p>\t\t\t\t\t\t\t\t<\/div>\n\t\t\t\t<\/div>\n\t\t\t\t<div class=\"elementor-element elementor-element-c7acc53 elementor-widget elementor-widget-text-editor\" data-id=\"c7acc53\" data-element_type=\"widget\" data-e-type=\"widget\" data-widget_type=\"text-editor.default\">\n\t\t\t\t<div class=\"elementor-widget-container\">\n\t\t\t\t\t\t\t\t\t<h4><span style=\"color: #ff0000;\"><b>15\/04\/23 (s\u00e1bado)<\/b><\/span><\/h4><h4><span style=\"color: #333399;\"><b>JOELHO DEGENERATIVO<\/b><\/span><\/h4><p><span style=\"line-height: 1.2;\"><b>08h00 \u00e0s 08h15 &#8211; Confer\u00eancia: Uso de <i>softwares<\/i> no planejamento das osteotomias ao redor do joelho.<\/b> Marcelo Torres (GO)<\/span><\/p><p><span style=\"line-height: 1.2;\"><b>08h15 \u00e0s 09h00 &#8211; Mini Simp\u00f3sio: Temas tradicionais em joelho degenerativo<\/b><br \/>Coordenadora: M\u00e1rcia Uch\u00f4a (SP)<\/span><\/p><p><b>08h15 &#8211; <\/b>Princ\u00edpios gerais do tratamento conservador. Rodrigo Vasconcelos (SP)<\/p><p><b>08h23 &#8211; <\/b>Osteoartrite: tend\u00eancias. M\u00e1rcia Uch\u00f4a (SP)<\/p><p><b>08h31 &#8211; <\/b>Avalia\u00e7\u00e3o cr\u00edtica da viscossuplementa\u00e7\u00e3o no joelho. Gustavo Constantino (SP)<\/p><p><b>08h39 &#8211; <\/b>Ortobiol\u00f3gicos. Posi\u00e7\u00e3o atual na AO do joelho. Alessandro Zorzi (SP)<\/p><h4><b><span style=\"color: #666699;\">08h47 &#8211; Discuss\u00e3o com a plateia<\/span>\u00a0<\/b><\/h4><p><span style=\"line-height: 1.2;\"><b>09h00 \u00e0s 09h20 &#8211; Mesa Redonda Moderna: Limites da ATJ prim\u00e1ria<\/b><br \/>Coordenador: Wander Brito<br \/>Debatedores:<br \/>Naasson Trindade Cavanellas (RJ) &#8211; Jo\u00e3o Luiz Pereira da Silva Neto (SP) &#8211; Rodrigo Albuquerque (RJ) &#8211;<br \/>Jos\u00e9 Lu\u00eds Zabeu (SP)<\/span><\/p><p><span style=\"line-height: 1.2;\"><b>09h20 \u00e0s 09h50 &#8211; Infec\u00e7\u00e3o em ATJ: Teses de interesse internacional<\/b><br \/>Coordenador: Jos\u00e9 Francisco Nunes (SP)<\/span><\/p><p><span style=\"line-height: 1.2;\"><b>09h20 &#8211; <\/b>Avalia\u00e7\u00e3o do perfil metab\u00f3lico do l\u00edquido sinovial &#8211; Uma estrat\u00e9gia para identifica\u00e7\u00e3o de novos marcadores na infec\u00e7\u00e3o periprot\u00e9tica do joelho. Alan Mozella (RJ)<\/span><\/p><p><b>09h35 &#8211; <\/b>DNA livre: Um novo biomarcador para o diagn\u00f3stico das infec\u00e7\u00f5es periprot\u00e9ticas do joelho. Hugo Cobra (RJ)<\/p><p><span style=\"line-height: 1.2;\"><b>09h50 \u00e0s 10h25 &#8211; Mini Simp\u00f3sio: Temas atuais em ATJ<\/b><br \/>Coordenador: Rodrigo Nunes (SP)<\/span><\/p><p><b>09h50 &#8211; <\/b>Rob\u00f3tica na ATJ, sua import\u00e2ncia e o que podemos esperar. Marco Demange (SP)<\/p><p><b>09h58 &#8211; <\/b>Passo a passo na rob\u00f3tica em ATJ. Marcus Luzo (SP)<\/p><p><b>10h06 &#8211; <\/b>Import\u00e2ncia e t\u00e9cnicas de an\u00e1lise rotacional do componente tibial nas ATJ. Rodrigo Nunes (SP)<\/p><h4><b><span style=\"color: #666699;\">10h14 &#8211; Discuss\u00e3o com a plateia<\/span>\u00a0<\/b><\/h4><h4><span style=\"color: #333399;\"><b>10h25 &#8211; \u00e0s 11h00 Intervalo<\/b><\/span><\/h4><p><span style=\"line-height: 1.2;\"><b>11h00 \u00e0s 11h45 &#8211; Simp\u00f3sio: Temas do momento em ATJ de revis\u00e3o<\/b><br \/>Coordenador: Jos\u00e9 Ricardo P\u00e9cora (SP)<\/span><\/p><p><b>11h00 &#8211; <\/b>Atualiza\u00e7\u00e3o em causas de falhas das ATJ prim\u00e1rias. Alan Mozella (RJ)<\/p><p><b>11h08 &#8211; <\/b>Como planejar bem uma revis\u00e3o de ATJ. Idemar Palma (RJ)<\/p><p><b>11h16 &#8211; <\/b>Como manejar as falhas \u00f3sseas nas revis\u00f5es. Marco Percope (MG)<\/p><p><b>11h24 &#8211; <\/b>Avalia\u00e7\u00e3o das hastes cimentadas e n\u00e3o cimentadas nas revis\u00f5es. Paulo Alencar (PR)<\/p><h4><b><span style=\"color: #666699;\">11h32 &#8211; Discuss\u00e3o com a plateia<\/span>\u00a0<\/b><\/h4><p><b>11h45 \u00e0s 12h05 &#8211; Cross Fire: ATJ infectada &#8211; Tratamento em 1 tempo X tratamento em 2 tempos<\/b><\/p><p><b>11h45 &#8211; <\/b>ATJ infectada &#8211; Tratamento em 1 tempo. Jo\u00e3o Mauricio Barretto (RJ)<\/p><p><b>11h55 &#8211; <\/b>ATJ infectada &#8211; Tratamento em 2 tempos. Hugo Cobra (RJ)<\/p><h4><span style=\"color: #333399;\"><b>12h05 \u00e0s 12h35 &#8211; Confer\u00eancias Magistrais<\/b><\/span><\/h4><p><b>12h05 &#8211; <\/b>Confer\u00eancia Magistral 1: A pr\u00f3tese do joelho inst\u00e1vel. C\u00e9sar Rocha (Col\u00f4mbia)<\/p><p><b>12h15 &#8211; <\/b>Confer\u00eancia Magistral 2: Rob\u00f3tica na ATJ. Rodrigo Maestu (Argentina)<\/p><p><b>12h25 &#8211; <\/b>ATJ em deformidades extra-articulares. Federico Manfrin (Argentina)<\/p><h3><span style=\"color: #ff0000;\"><b>12h35 &#8211; Encerramento<\/b><\/span><\/h3>\t\t\t\t\t\t\t\t<\/div>\n\t\t\t\t<\/div>\n\t\t\t\t\t<\/div>\n\t\t<\/div>\n\t\t\t\t<div class=\"elementor-column elementor-col-50 elementor-top-column elementor-element elementor-element-cd6d751\" data-id=\"cd6d751\" data-element_type=\"column\" data-e-type=\"column\" data-settings=\"{&quot;background_background&quot;:&quot;classic&quot;}\">\n\t\t\t<div class=\"elementor-widget-wrap elementor-element-populated\">\n\t\t\t\t\t\t<div class=\"elementor-element elementor-element-7ef07f4 elementor-widget elementor-widget-html\" data-id=\"7ef07f4\" data-element_type=\"widget\" data-e-type=\"widget\" data-widget_type=\"html.default\">\n\t\t\t\t<div class=\"elementor-widget-container\">\n\t\t\t\t\t<div style=\"background-color: #ADD8E6\">\r\n\r\n<p style=\"text-decoration:none; padding: 0 20px; margin: 0 auto; font-family: 'Barlow Semi Condensed', sans-serif; font-size: 24px; font-weight: 300; color: #993333; text-align:center; line-height: 1.5;\"><b>Atividades Extras<\/b><\/p><br>\r\n<br>\r\n<p style=\"text-decoration:none; padding: 0 20px; margin: 0 auto; font-family: 'Barlow Semi Condensed', sans-serif; font-size: 16px; font-weight: 300; color: #ff0000; text-align:center; line-height: 1.5;\"><b>14\/04\/2023 - 12h15 \u00e0s 12h30<\/b><\/p><br>           \r\n<p style=\"text-decoration:none; padding: 0 20px; margin: 0 auto; font-family: 'Barlow Semi Condensed', sans-serif; font-size: 16px; font-weight: 300; color: #333399; text-align:left; line-height: 1.5;\"><b>Local: Audit\u00f3rio Principal<\/b><br>\r\n<b style=\"color: #666699;\">Grunenthal<\/b><\/p><br>\r\n<p style=\"text-decoration:none; color:#3a3d41;  padding: 0 20px; margin: 0 auto; font-family: 'Barlow Semi Condensed', sans-serif; font-size: 16px; font-weight: 300; text-align:left; line-height: 1.5;\">\r\n<b>Analgesia multimodal na dor aguda p\u00f3s-operat\u00f3ria. <\/b>Dr. Alfredo dos Santos Netto<\/p><br>\r\n\r\n<p style=\"text-decoration:none; padding: 0 20px; margin: 0 auto; font-family: 'Barlow Semi Condensed', sans-serif; font-size: 16px; font-weight: 300; color: #ff0000; text-align:center; line-height: 1.5;\"><b>14\/04\/2023 - 12h30 \u00e0s 13h15<\/b><\/p><br>           \r\n<p style=\"text-decoration:none; padding: 0 20px; margin: 0 auto; font-family: 'Barlow Semi Condensed', sans-serif; font-size: 16px; font-weight: 300; color: #333399; text-align:left; line-height: 1.5;\"><b>Local: Jatob\u00e1 01<\/b><br>\r\n<b style=\" color: #666699;\">Depuy Synthes - J&J<\/b><\/p><br>\r\n<p style=\"text-decoration:none; color:#3a3d41;  padding: 0 20px; margin: 0 auto; font-family: 'Barlow Semi Condensed', sans-serif; font-size: 16px; font-weight: 300; text-align:left; line-height: 1.5;\">\r\n<b>Casos complexos de cirurgia prim\u00e1ria e revis\u00e3o do joelho Rodrigo Salim. <\/b>Dr. Ricardo Cury<\/p><br>\r\n\r\n<p style=\"text-decoration:none; padding: 0 20px; margin: 0 auto; font-family: 'Barlow Semi Condensed', sans-serif; font-size: 16px; font-weight: 300; color: #ff0000; text-align:center; line-height: 1.5;\"><b>14\/04\/2023 - 12h30 \u00e0s 13h15<\/b><\/p><br>           \r\n<p style=\"text-decoration:none; padding: 0 20px; margin: 0 auto; font-family: 'Barlow Semi Condensed', sans-serif; font-size: 16px; font-weight: 300; color: #333399; text-align:left; line-height: 1.5;\"><b>Local: Jatob\u00e1 02<\/b><br>\r\n<b style=\" color: #666699;\">Zambon<\/b><\/p><br>\r\n<p style=\"text-decoration:none; color:#3a3d41;  padding: 0 20px; margin: 0 auto; font-family: 'Barlow Semi Condensed', sans-serif; font-size: 16px; font-weight: 300; text-align:left; line-height: 1.5;\">\r\n<b>O uso da viscossuplementa\u00e7\u00e3o no contexto da abordagem funcional e biomec\u00e2nica no tratamento do joelho. <\/b>Dr. Alan Mozella (RJ) e Dr. Guilherme Gracitelli (SP)<\/p><br>\r\n\r\n<p style=\"text-decoration:none; padding: 0 20px; margin: 0 auto; font-family: 'Barlow Semi Condensed', sans-serif; font-size: 16px; font-weight: 300; color: #ff0000; text-align:center; line-height: 1.5;\"><b>14\/04\/2023 - 12h35 \u00e0s 13h35<\/b><\/p><br>           \r\n<p style=\"text-decoration:none; padding: 0 20px; margin: 0 auto; font-family: 'Barlow Semi Condensed', sans-serif; font-size: 16px; font-weight: 300; color: #333399; text-align:left; line-height: 1.5;\"><b>Local: Audit\u00f3rio Principal<\/b><br>\r\n<b style=\" color: #666699;\">EMS<\/b><\/p><br>\r\n<p style=\"text-decoration:none; color:#3a3d41;  padding: 0 20px; margin: 0 auto; font-family: 'Barlow Semi Condensed', sans-serif; font-size: 16px; font-weight: 300; text-align:left; line-height: 1.5;\">\r\n<b>Estrat\u00e9gias para otimizar o tratamento da artrose: do conservador ao Cir\u00fargico. <\/b>Dr. Wilson Mello e Dr. Gustavo Constantino de Campos<\/p><br>\r\n\r\n<p style=\"text-decoration:none; padding: 0 20px; margin: 0 auto; font-family: 'Barlow Semi Condensed', sans-serif; font-size: 16px; font-weight: 300; color: #ff0000; text-align:center; line-height: 1.5;\"><b>14\/04\/2023 - 16h00 \u00e0s 16h30<\/b><\/p><br>           \r\n<p style=\"text-decoration:none; padding: 0 20px; margin: 0 auto; font-family: 'Barlow Semi Condensed', sans-serif; font-size: 16px; font-weight: 300; color: #333399; text-align:left; line-height: 1.5;\"><b>Local: Jatob\u00e1 01<\/b><br>\r\n<b style=\" color: #666699;\">Spine<\/b><\/p><br>\r\n<p style=\"text-decoration:none; color:#3a3d41;  padding: 0 20px; margin: 0 auto; font-family: 'Barlow Semi Condensed', sans-serif; font-size: 16px; font-weight: 300; text-align:left; line-height: 1.5;\">\r\n<b>Experi\u00eancia e evolu\u00e7\u00e3o da cirurgia de pr\u00f3tese total de joelho rotacional Hinge. Peter Brehm.<\/b> Dr. Wilson Mello (SP)<\/p><br>\r\n\r\n<p style=\"text-decoration:none; padding: 0 20px; margin: 0 auto; font-family: 'Barlow Semi Condensed', sans-serif; font-size: 16px; font-weight: 300; color: #ff0000; text-align:center; line-height: 1.5;\"><b>15\/04\/2023 - 10h25 \u00e0s 11h00<\/b><\/p><br>           \r\n<p style=\"text-decoration:none; padding: 0 20px; margin: 0 auto; font-family: 'Barlow Semi Condensed', sans-serif; font-size: 16px; font-weight: 300; color: #333399; text-align:left; line-height: 1.5;\"><b>Local: Jatob\u00e1 2<\/b><br>\r\n<b style=\" color: #666699;\">MERIL Life<\/b><\/p><br>\r\n<p style=\"text-decoration:none; color:#3a3d41;  padding: 0 20px; margin: 0 auto; font-family: 'Barlow Semi Condensed', sans-serif; font-size: 16px; font-weight: 300; text-align:left; line-height: 1.5;\">\r\n<b>Artroplastia total do joelho com Freedom Knee - Primeiras impress\u00f5es. <\/b>Dr. Nelson Santos Assis de Melo<\/p><br>\r\n    \r\n<\/div>\t\t\t\t<\/div>\n\t\t\t\t<\/div>\n\t\t\t\t\t<\/div>\n\t\t<\/div>\n\t\t\t\t\t<\/div>\n\t\t<\/section>\n\t\t\t\t<\/div>\n\t\t","protected":false},"excerpt":{"rendered":"<p>Programa Cient\u00edfico Joca 2023 CIRURGIA DO JOELHO EM DISCUSS\u00c3O 14\/04\/23 (sexta-feira) 08h00 \u00e0s 08h15 &#8211; Abertura &#8211; Wilson Mello (SP) 08h15 \u00e0s 12h00 &#8211; JOELHO NO ESPORTE 1 08h15 \u00e0s 09h25 &#8211; Simp\u00f3sio 1: Reconstru\u00e7\u00e3o do LCA, temas tradicionais em discuss\u00e3oCoordenador: Arnaldo Hernandez (SP) 08h15 &#8211; Porque uso mais o tend\u00e3o patelar. Rog\u00e9rio Fuchs (PR) [&hellip;]<\/p>\n","protected":false},"author":1,"featured_media":0,"parent":0,"menu_order":0,"comment_status":"closed","ping_status":"closed","template":"","meta":{"site-sidebar-layout":"no-sidebar","site-content-layout":"page-builder","ast-site-content-layout":"","site-content-style":"default","site-sidebar-style":"default","ast-global-header-display":"","ast-banner-title-visibility":"","ast-main-header-display":"","ast-hfb-above-header-display":"","ast-hfb-below-header-display":"","ast-hfb-mobile-header-display":"","site-post-title":"disabled","ast-breadcrumbs-content":"","ast-featured-img":"disabled","footer-sml-layout":"","theme-transparent-header-meta":"default","adv-header-id-meta":"","stick-header-meta":"","header-above-stick-meta":"","header-main-stick-meta":"","header-below-stick-meta":"","astra-migrate-meta-layouts":"default","ast-page-background-enabled":"default","ast-page-background-meta":{"desktop":{"background-color":"var(--ast-global-color-4)","background-image":"","background-repeat":"repeat","background-position":"center center","background-size":"auto","background-attachment":"scroll","background-type":"","background-media":"","overlay-type":"","overlay-color":"","overlay-opacity":"","overlay-gradient":""},"tablet":{"background-color":"","background-image":"","background-repeat":"repeat","background-position":"center center","background-size":"auto","background-attachment":"scroll","background-type":"","background-media":"","overlay-type":"","overlay-color":"","overlay-opacity":"","overlay-gradient":""},"mobile":{"background-color":"","background-image":"","background-repeat":"repeat","background-position":"center center","background-size":"auto","background-attachment":"scroll","background-type":"","background-media":"","overlay-type":"","overlay-color":"","overlay-opacity":"","overlay-gradient":""}},"ast-content-background-meta":{"desktop":{"background-color":"var(--ast-global-color-5)","background-image":"","background-repeat":"repeat","background-position":"center center","background-size":"auto","background-attachment":"scroll","background-type":"","background-media":"","overlay-type":"","overlay-color":"","overlay-opacity":"","overlay-gradient":""},"tablet":{"background-color":"var(--ast-global-color-5)","background-image":"","background-repeat":"repeat","background-position":"center center","background-size":"auto","background-attachment":"scroll","background-type":"","background-media":"","overlay-type":"","overlay-color":"","overlay-opacity":"","overlay-gradient":""},"mobile":{"background-color":"var(--ast-global-color-5)","background-image":"","background-repeat":"repeat","background-position":"center center","background-size":"auto","background-attachment":"scroll","background-type":"","background-media":"","overlay-type":"","overlay-color":"","overlay-opacity":"","overlay-gradient":""}},"footnotes":""},"class_list":["post-41","page","type-page","status-publish","hentry"],"_links":{"self":[{"href":"https:\/\/grupodojoelho.com.br\/joca2023\/wp-json\/wp\/v2\/pages\/41","targetHints":{"allow":["GET"]}}],"collection":[{"href":"https:\/\/grupodojoelho.com.br\/joca2023\/wp-json\/wp\/v2\/pages"}],"about":[{"href":"https:\/\/grupodojoelho.com.br\/joca2023\/wp-json\/wp\/v2\/types\/page"}],"author":[{"embeddable":true,"href":"https:\/\/grupodojoelho.com.br\/joca2023\/wp-json\/wp\/v2\/users\/1"}],"replies":[{"embeddable":true,"href":"https:\/\/grupodojoelho.com.br\/joca2023\/wp-json\/wp\/v2\/comments?post=41"}],"version-history":[{"count":418,"href":"https:\/\/grupodojoelho.com.br\/joca2023\/wp-json\/wp\/v2\/pages\/41\/revisions"}],"predecessor-version":[{"id":1475,"href":"https:\/\/grupodojoelho.com.br\/joca2023\/wp-json\/wp\/v2\/pages\/41\/revisions\/1475"}],"wp:attachment":[{"href":"https:\/\/grupodojoelho.com.br\/joca2023\/wp-json\/wp\/v2\/media?parent=41"}],"curies":[{"name":"wp","href":"https:\/\/api.w.org\/{rel}","templated":true}]}}