{"id":39,"date":"2022-07-31T18:14:28","date_gmt":"2022-07-31T18:14:28","guid":{"rendered":"https:\/\/grupodojoelho.com.br\/joca2023\/?page_id=39"},"modified":"2022-07-31T19:49:20","modified_gmt":"2022-07-31T19:49:20","slug":"mensagem","status":"publish","type":"page","link":"https:\/\/grupodojoelho.com.br\/joca2023\/mensagem\/","title":{"rendered":"MENSAGEM"},"content":{"rendered":"\t\t<div data-elementor-type=\"wp-page\" data-elementor-id=\"39\" class=\"elementor elementor-39\">\n\t\t\t\t\t\t<section class=\"elementor-section elementor-top-section elementor-element elementor-element-de868a0 elementor-section-stretched elementor-section-boxed elementor-section-height-default elementor-section-height-default\" data-id=\"de868a0\" data-element_type=\"section\" data-e-type=\"section\" data-settings=\"{&quot;stretch_section&quot;:&quot;section-stretched&quot;}\">\n\t\t\t\t\t\t<div class=\"elementor-container elementor-column-gap-default\">\n\t\t\t\t\t<div class=\"elementor-column elementor-col-100 elementor-top-column elementor-element elementor-element-e436eb2\" data-id=\"e436eb2\" data-element_type=\"column\" data-e-type=\"column\">\n\t\t\t<div class=\"elementor-widget-wrap elementor-element-populated\">\n\t\t\t\t\t\t<div class=\"elementor-element elementor-element-c71895f elementor-widget elementor-widget-heading\" data-id=\"c71895f\" data-element_type=\"widget\" data-e-type=\"widget\" data-widget_type=\"heading.default\">\n\t\t\t\t<div class=\"elementor-widget-container\">\n\t\t\t\t\t<h4 class=\"elementor-heading-title elementor-size-default\">Bem-vindos ao 17\u00ba Joca - Curso de Cirurgia do Joelho de Campinas<\/h4>\t\t\t\t<\/div>\n\t\t\t\t<\/div>\n\t\t\t\t<div class=\"elementor-element elementor-element-4c19ced elementor-widget elementor-widget-heading\" data-id=\"4c19ced\" data-element_type=\"widget\" data-e-type=\"widget\" data-widget_type=\"heading.default\">\n\t\t\t\t<div class=\"elementor-widget-container\">\n\t\t\t\t\t<h1 class=\"elementor-heading-title elementor-size-default\">Mensagem<\/h1>\t\t\t\t<\/div>\n\t\t\t\t<\/div>\n\t\t\t\t\t<\/div>\n\t\t<\/div>\n\t\t\t\t\t<\/div>\n\t\t<\/section>\n\t\t\t\t<section class=\"elementor-section elementor-top-section elementor-element elementor-element-e4f7da9 elementor-section-stretched elementor-section-boxed elementor-section-height-default elementor-section-height-default\" data-id=\"e4f7da9\" data-element_type=\"section\" data-e-type=\"section\" data-settings=\"{&quot;stretch_section&quot;:&quot;section-stretched&quot;}\">\n\t\t\t\t\t\t<div class=\"elementor-container elementor-column-gap-default\">\n\t\t\t\t\t<div class=\"elementor-column elementor-col-66 elementor-top-column elementor-element elementor-element-684c8ed\" data-id=\"684c8ed\" data-element_type=\"column\" data-e-type=\"column\">\n\t\t\t<div class=\"elementor-widget-wrap elementor-element-populated\">\n\t\t\t\t\t\t<div class=\"elementor-element elementor-element-b9a7d46 elementor-widget elementor-widget-text-editor\" data-id=\"b9a7d46\" data-element_type=\"widget\" data-e-type=\"widget\" data-widget_type=\"text-editor.default\">\n\t\t\t\t<div class=\"elementor-widget-container\">\n\t\t\t\t\t\t\t\t\t<p><strong>Caros amigos,<\/strong><\/p><p>\u00c9 com imensa alegria que convidamos voc\u00eas para o nosso Joca \u2013 Joelho Campinas, a 17\u00aa edi\u00e7\u00e3o do Curso de Cirurgia do Joelho de Campinas, que ocorrer\u00e1 nos dias 14 e 15 de abril de 2023, no Royal Palm Hall.<\/p><p>Como todos os demais eventos cient\u00edficos nacionais, nosso curso sofreu um hiato de uma edi\u00e7\u00e3o, por n\u00e3o termos realizado o evento anteriormente programado para 2021, j\u00e1 que o \u00faltimo havia sido em 2019.<\/p><p>Mas agora estamos entusiasmados com esse retorno, pois nosso Curso sempre foi um evento esperado e muito rico em conte\u00fado cient\u00edfico e novidades, tornando-se refer\u00eancia ao longo dos anos. Queremos perpetuar essa tradi\u00e7\u00e3o e para isso contamos com todos voc\u00eas!<\/p><p>Para a 17\u00aa edi\u00e7\u00e3o do Joca, contaremos com os grandes experts brasileiros para compartilharem com os participantes sua bagagem de conhecimento e experi\u00eancias.<br \/>O programa cient\u00edfico contemplar\u00e1 diversas mesas redondas, em que poderemos discutir a cirurgia do joelho atual e o que o futuro nos reserva, com muita inova\u00e7\u00e3o e ferramentas tecnol\u00f3gicas, como os rob\u00f4s cir\u00fargicos que j\u00e1 est\u00e3o em nosso meio.<\/p><p>O Joca sempre foi um evento de plateia cheia. Nas seis \u00faltimas edi\u00e7\u00f5es tivermos mais de 3 mil inscritos e estamos confiantes de que teremos novamente audit\u00f3rio lotado para essa atualiza\u00e7\u00e3o t\u00e3o importante em nossa \u00e1rea!<\/p><p>Esperamos encontr\u00e1-los em Campinas!<\/p>\t\t\t\t\t\t\t\t<\/div>\n\t\t\t\t<\/div>\n\t\t\t\t\t<\/div>\n\t\t<\/div>\n\t\t\t\t<div class=\"elementor-column elementor-col-33 elementor-top-column elementor-element elementor-element-e853407\" data-id=\"e853407\" data-element_type=\"column\" data-e-type=\"column\">\n\t\t\t<div class=\"elementor-widget-wrap elementor-element-populated\">\n\t\t\t\t\t\t<div class=\"elementor-element elementor-element-24cb96e elementor-widget elementor-widget-image\" data-id=\"24cb96e\" data-element_type=\"widget\" data-e-type=\"widget\" data-widget_type=\"image.default\">\n\t\t\t\t<div class=\"elementor-widget-container\">\n\t\t\t\t\t\t\t\t\t\t\t\t\t\t\t<img fetchpriority=\"high\" decoding=\"async\" width=\"768\" height=\"512\" src=\"https:\/\/grupodojoelho.com.br\/joca2023\/wp-content\/uploads\/2022\/07\/foto-capa-768x512.jpg\" class=\"attachment-medium_large size-medium_large wp-image-96\" alt=\"fachada do royal palm hall\" srcset=\"https:\/\/grupodojoelho.com.br\/joca2023\/wp-content\/uploads\/2022\/07\/foto-capa-768x512.jpg 768w, https:\/\/grupodojoelho.com.br\/joca2023\/wp-content\/uploads\/2022\/07\/foto-capa-300x200.jpg 300w, https:\/\/grupodojoelho.com.br\/joca2023\/wp-content\/uploads\/2022\/07\/foto-capa-1024x683.jpg 1024w, https:\/\/grupodojoelho.com.br\/joca2023\/wp-content\/uploads\/2022\/07\/foto-capa-1536x1024.jpg 1536w, https:\/\/grupodojoelho.com.br\/joca2023\/wp-content\/uploads\/2022\/07\/foto-capa.jpg 2048w\" sizes=\"(max-width: 768px) 100vw, 768px\" \/>\t\t\t\t\t\t\t\t\t\t\t\t\t\t\t<\/div>\n\t\t\t\t<\/div>\n\t\t\t\t<div class=\"elementor-element elementor-element-55436d3 elementor-widget elementor-widget-image\" data-id=\"55436d3\" data-element_type=\"widget\" data-e-type=\"widget\" data-widget_type=\"image.default\">\n\t\t\t\t<div class=\"elementor-widget-container\">\n\t\t\t\t\t\t\t\t\t\t\t\t\t\t\t<img decoding=\"async\" width=\"768\" height=\"512\" src=\"https:\/\/grupodojoelho.com.br\/joca2023\/wp-content\/uploads\/2022\/07\/52061518961_670e420a81_k-768x512.jpg\" class=\"attachment-medium_large size-medium_large wp-image-98\" alt=\"interior sal\u00e3o iluminado do palm plaza hall\" srcset=\"https:\/\/grupodojoelho.com.br\/joca2023\/wp-content\/uploads\/2022\/07\/52061518961_670e420a81_k-768x512.jpg 768w, https:\/\/grupodojoelho.com.br\/joca2023\/wp-content\/uploads\/2022\/07\/52061518961_670e420a81_k-300x200.jpg 300w, https:\/\/grupodojoelho.com.br\/joca2023\/wp-content\/uploads\/2022\/07\/52061518961_670e420a81_k-1024x683.jpg 1024w, https:\/\/grupodojoelho.com.br\/joca2023\/wp-content\/uploads\/2022\/07\/52061518961_670e420a81_k-1536x1024.jpg 1536w, https:\/\/grupodojoelho.com.br\/joca2023\/wp-content\/uploads\/2022\/07\/52061518961_670e420a81_k.jpg 2048w\" sizes=\"(max-width: 768px) 100vw, 768px\" \/>\t\t\t\t\t\t\t\t\t\t\t\t\t\t\t<\/div>\n\t\t\t\t<\/div>\n\t\t\t\t<div class=\"elementor-element elementor-element-d78edb4 elementor-widget elementor-widget-image\" data-id=\"d78edb4\" data-element_type=\"widget\" data-e-type=\"widget\" data-widget_type=\"image.default\">\n\t\t\t\t<div class=\"elementor-widget-container\">\n\t\t\t\t\t\t\t\t\t\t\t\t\t\t\t<img decoding=\"async\" width=\"768\" height=\"512\" src=\"https:\/\/grupodojoelho.com.br\/joca2023\/wp-content\/uploads\/2022\/07\/52061415583_7d1cd24556_k-768x512.jpg\" class=\"attachment-medium_large size-medium_large wp-image-97\" alt=\"recep\u00e7\u00e3o do royal palm tower\" srcset=\"https:\/\/grupodojoelho.com.br\/joca2023\/wp-content\/uploads\/2022\/07\/52061415583_7d1cd24556_k-768x512.jpg 768w, https:\/\/grupodojoelho.com.br\/joca2023\/wp-content\/uploads\/2022\/07\/52061415583_7d1cd24556_k-300x200.jpg 300w, https:\/\/grupodojoelho.com.br\/joca2023\/wp-content\/uploads\/2022\/07\/52061415583_7d1cd24556_k-1024x683.jpg 1024w, https:\/\/grupodojoelho.com.br\/joca2023\/wp-content\/uploads\/2022\/07\/52061415583_7d1cd24556_k-1536x1024.jpg 1536w, https:\/\/grupodojoelho.com.br\/joca2023\/wp-content\/uploads\/2022\/07\/52061415583_7d1cd24556_k.jpg 2048w\" sizes=\"(max-width: 768px) 100vw, 768px\" \/>\t\t\t\t\t\t\t\t\t\t\t\t\t\t\t<\/div>\n\t\t\t\t<\/div>\n\t\t\t\t\t<\/div>\n\t\t<\/div>\n\t\t\t\t\t<\/div>\n\t\t<\/section>\n\t\t\t\t<\/div>\n\t\t","protected":false},"excerpt":{"rendered":"<p>Bem-vindos ao 17\u00ba Joca &#8211; Curso de Cirurgia do Joelho de Campinas Mensagem Caros amigos, \u00c9 com imensa alegria que convidamos voc\u00eas para o nosso Joca \u2013 Joelho Campinas, a 17\u00aa edi\u00e7\u00e3o do Curso de Cirurgia do Joelho de Campinas, que ocorrer\u00e1 nos dias 14 e 15 de abril de 2023, no Royal Palm Hall. [&hellip;]<\/p>\n","protected":false},"author":1,"featured_media":0,"parent":0,"menu_order":0,"comment_status":"closed","ping_status":"closed","template":"","meta":{"site-sidebar-layout":"no-sidebar","site-content-layout":"page-builder","ast-site-content-layout":"","site-content-style":"default","site-sidebar-style":"default","ast-global-header-display":"","ast-banner-title-visibility":"","ast-main-header-display":"","ast-hfb-above-header-display":"","ast-hfb-below-header-display":"","ast-hfb-mobile-header-display":"","site-post-title":"disabled","ast-breadcrumbs-content":"","ast-featured-img":"disabled","footer-sml-layout":"","theme-transparent-header-meta":"default","adv-header-id-meta":"","stick-header-meta":"","header-above-stick-meta":"","header-main-stick-meta":"","header-below-stick-meta":"","astra-migrate-meta-layouts":"default","ast-page-background-enabled":"default","ast-page-background-meta":{"desktop":{"background-color":"var(--ast-global-color-4)","background-image":"","background-repeat":"repeat","background-position":"center center","background-size":"auto","background-attachment":"scroll","background-type":"","background-media":"","overlay-type":"","overlay-color":"","overlay-opacity":"","overlay-gradient":""},"tablet":{"background-color":"","background-image":"","background-repeat":"repeat","background-position":"center center","background-size":"auto","background-attachment":"scroll","background-type":"","background-media":"","overlay-type":"","overlay-color":"","overlay-opacity":"","overlay-gradient":""},"mobile":{"background-color":"","background-image":"","background-repeat":"repeat","background-position":"center center","background-size":"auto","background-attachment":"scroll","background-type":"","background-media":"","overlay-type":"","overlay-color":"","overlay-opacity":"","overlay-gradient":""}},"ast-content-background-meta":{"desktop":{"background-color":"var(--ast-global-color-5)","background-image":"","background-repeat":"repeat","background-position":"center center","background-size":"auto","background-attachment":"scroll","background-type":"","background-media":"","overlay-type":"","overlay-color":"","overlay-opacity":"","overlay-gradient":""},"tablet":{"background-color":"var(--ast-global-color-5)","background-image":"","background-repeat":"repeat","background-position":"center center","background-size":"auto","background-attachment":"scroll","background-type":"","background-media":"","overlay-type":"","overlay-color":"","overlay-opacity":"","overlay-gradient":""},"mobile":{"background-color":"var(--ast-global-color-5)","background-image":"","background-repeat":"repeat","background-position":"center center","background-size":"auto","background-attachment":"scroll","background-type":"","background-media":"","overlay-type":"","overlay-color":"","overlay-opacity":"","overlay-gradient":""}},"footnotes":""},"class_list":["post-39","page","type-page","status-publish","hentry"],"_links":{"self":[{"href":"https:\/\/grupodojoelho.com.br\/joca2023\/wp-json\/wp\/v2\/pages\/39","targetHints":{"allow":["GET"]}}],"collection":[{"href":"https:\/\/grupodojoelho.com.br\/joca2023\/wp-json\/wp\/v2\/pages"}],"about":[{"href":"https:\/\/grupodojoelho.com.br\/joca2023\/wp-json\/wp\/v2\/types\/page"}],"author":[{"embeddable":true,"href":"https:\/\/grupodojoelho.com.br\/joca2023\/wp-json\/wp\/v2\/users\/1"}],"replies":[{"embeddable":true,"href":"https:\/\/grupodojoelho.com.br\/joca2023\/wp-json\/wp\/v2\/comments?post=39"}],"version-history":[{"count":16,"href":"https:\/\/grupodojoelho.com.br\/joca2023\/wp-json\/wp\/v2\/pages\/39\/revisions"}],"predecessor-version":[{"id":126,"href":"https:\/\/grupodojoelho.com.br\/joca2023\/wp-json\/wp\/v2\/pages\/39\/revisions\/126"}],"wp:attachment":[{"href":"https:\/\/grupodojoelho.com.br\/joca2023\/wp-json\/wp\/v2\/media?parent=39"}],"curies":[{"name":"wp","href":"https:\/\/api.w.org\/{rel}","templated":true}]}}